{"id":3137,"date":"2023-07-06T06:20:21","date_gmt":"2023-07-06T06:20:21","guid":{"rendered":"https:\/\/elclubdelamodapositiva.com\/cart\/"},"modified":"2023-12-13T10:15:19","modified_gmt":"2023-12-13T10:15:19","slug":"cart","status":"publish","type":"page","link":"https:\/\/elclubdelamodapositiva.com\/en\/cart\/","title":{"rendered":"Cart"},"content":{"rendered":"\t\t<div data-elementor-type=\"wp-page\" data-elementor-id=\"3137\" class=\"elementor elementor-3137 elementor-885\" data-elementor-post-type=\"page\">\n\t\t\t\t\t\t<section class=\"elementor-section elementor-top-section elementor-element elementor-element-f77f374 elementor-section-boxed elementor-section-height-default elementor-section-height-default\" data-id=\"f77f374\" data-element_type=\"section\">\n\t\t\t\t\t\t<div class=\"elementor-container elementor-column-gap-default\">\n\t\t\t\t\t<div class=\"elementor-column elementor-col-100 elementor-top-column elementor-element elementor-element-4db193d\" data-id=\"4db193d\" data-element_type=\"column\">\n\t\t\t<div class=\"elementor-widget-wrap elementor-element-populated\">\n\t\t\t\t\t\t\t<\/div>\n\t\t<\/div>\n\t\t\t\t\t<\/div>\n\t\t<\/section>\n\t\t\t\t<\/div>\n\t\t","protected":false},"excerpt":{"rendered":"<p>Eliminar art\u00edculo Imagen en miniatura Producto Precio Cantidad Subtotal &times; GUIA PARA LIMPIAR TU ARMARIO 2,90&nbsp;&euro; GUIA PARA LIMPIAR TU ARMARIO cantidad 2,90&nbsp;&euro; Actualizar el carrito Aplicar el cup\u00f3n Totales del carrito Subtotal 2,90&nbsp;&euro; Cup\u00f3n: wabitest2023 -1,90&nbsp;&euro; [Eliminar] Env\u00edo Punto de recogida Mondial Relay: 3,90&nbsp;&euro; Punto de recogida m\u00e1s cercano Mensajer\u00eda puerta a puerta: 5,90&nbsp;&euro; [&hellip;]<\/p>\n","protected":false},"author":1,"featured_media":0,"parent":0,"menu_order":0,"comment_status":"closed","ping_status":"closed","template":"","meta":{"footnotes":""},"class_list":["post-3137","page","type-page","status-publish","hentry"],"yoast_head":"<!-- This site is optimized with the Yoast SEO plugin v27.4 - https:\/\/yoast.com\/product\/yoast-seo-wordpress\/ -->\n<title>Cart - El Club de la Moda Positiva<\/title>\n<meta name=\"robots\" content=\"noindex, nofollow\" \/>\n<meta property=\"og:locale\" content=\"en_US\" \/>\n<meta property=\"og:type\" content=\"article\" \/>\n<meta property=\"og:title\" content=\"Cart - El Club de la Moda Positiva\" \/>\n<meta property=\"og:description\" content=\"Eliminar art\u00edculo Imagen en miniatura Producto Precio Cantidad Subtotal &times; GUIA PARA LIMPIAR TU ARMARIO 2,90&nbsp;&euro; GUIA PARA LIMPIAR TU ARMARIO cantidad 2,90&nbsp;&euro; Actualizar el carrito Aplicar el cup\u00f3n Totales del carrito Subtotal 2,90&nbsp;&euro; Cup\u00f3n: wabitest2023 -1,90&nbsp;&euro; [Eliminar] Env\u00edo Punto de recogida Mondial Relay: 3,90&nbsp;&euro; Punto de recogida m\u00e1s cercano Mensajer\u00eda puerta a puerta: 5,90&nbsp;&euro; [&hellip;]\" \/>\n<meta property=\"og:url\" content=\"https:\/\/elclubdelamodapositiva.com\/en\/cart\/\" \/>\n<meta property=\"og:site_name\" content=\"El Club de la Moda Positiva\" \/>\n<meta property=\"article:publisher\" content=\"https:\/\/www.facebook.com\/elclubdelamodapositiva\" \/>\n<meta property=\"article:modified_time\" content=\"2023-12-13T10:15:19+00:00\" \/>\n<meta property=\"og:image\" content=\"https:\/\/elclubdelamodapositiva.com\/wp-content\/uploads\/2023\/08\/guia-armario-la-moda-300x300.jpg\" \/>\n<meta name=\"twitter:card\" content=\"summary_large_image\" \/>\n<meta name=\"twitter:label1\" content=\"Est. reading time\" \/>\n\t<meta name=\"twitter:data1\" content=\"1 minute\" \/>\n<script type=\"application\/ld+json\" class=\"yoast-schema-graph\">{\"@context\":\"https:\\\/\\\/schema.org\",\"@graph\":[{\"@type\":\"WebPage\",\"@id\":\"https:\\\/\\\/elclubdelamodapositiva.com\\\/en\\\/cart\\\/\",\"url\":\"https:\\\/\\\/elclubdelamodapositiva.com\\\/en\\\/cart\\\/\",\"name\":\"Cart - El Club de la Moda Positiva\",\"isPartOf\":{\"@id\":\"https:\\\/\\\/elclubdelamodapositiva.com\\\/en\\\/#website\"},\"primaryImageOfPage\":{\"@id\":\"https:\\\/\\\/elclubdelamodapositiva.com\\\/en\\\/cart\\\/#primaryimage\"},\"image\":{\"@id\":\"https:\\\/\\\/elclubdelamodapositiva.com\\\/en\\\/cart\\\/#primaryimage\"},\"thumbnailUrl\":\"https:\\\/\\\/elclubdelamodapositiva.com\\\/wp-content\\\/uploads\\\/2023\\\/08\\\/guia-armario-la-moda-300x300.jpg\",\"datePublished\":\"2023-07-06T06:20:21+00:00\",\"dateModified\":\"2023-12-13T10:15:19+00:00\",\"breadcrumb\":{\"@id\":\"https:\\\/\\\/elclubdelamodapositiva.com\\\/en\\\/cart\\\/#breadcrumb\"},\"inLanguage\":\"en-US\",\"potentialAction\":[{\"@type\":\"ReadAction\",\"target\":[\"https:\\\/\\\/elclubdelamodapositiva.com\\\/en\\\/cart\\\/\"]}]},{\"@type\":\"ImageObject\",\"inLanguage\":\"en-US\",\"@id\":\"https:\\\/\\\/elclubdelamodapositiva.com\\\/en\\\/cart\\\/#primaryimage\",\"url\":\"https:\\\/\\\/elclubdelamodapositiva.com\\\/wp-content\\\/uploads\\\/2023\\\/08\\\/guia-armario-la-moda-300x300.jpg\",\"contentUrl\":\"https:\\\/\\\/elclubdelamodapositiva.com\\\/wp-content\\\/uploads\\\/2023\\\/08\\\/guia-armario-la-moda-300x300.jpg\"},{\"@type\":\"BreadcrumbList\",\"@id\":\"https:\\\/\\\/elclubdelamodapositiva.com\\\/en\\\/cart\\\/#breadcrumb\",\"itemListElement\":[{\"@type\":\"ListItem\",\"position\":1,\"name\":\"Portada\",\"item\":\"https:\\\/\\\/elclubdelamodapositiva.com\\\/en\\\/home\\\/\"},{\"@type\":\"ListItem\",\"position\":2,\"name\":\"Cart\"}]},{\"@type\":\"WebSite\",\"@id\":\"https:\\\/\\\/elclubdelamodapositiva.com\\\/en\\\/#website\",\"url\":\"https:\\\/\\\/elclubdelamodapositiva.com\\\/en\\\/\",\"name\":\"El Club de la Moda Positiva\",\"description\":\"\",\"publisher\":{\"@id\":\"https:\\\/\\\/elclubdelamodapositiva.com\\\/en\\\/#organization\"},\"potentialAction\":[{\"@type\":\"SearchAction\",\"target\":{\"@type\":\"EntryPoint\",\"urlTemplate\":\"https:\\\/\\\/elclubdelamodapositiva.com\\\/en\\\/?s={search_term_string}\"},\"query-input\":{\"@type\":\"PropertyValueSpecification\",\"valueRequired\":true,\"valueName\":\"search_term_string\"}}],\"inLanguage\":\"en-US\"},{\"@type\":\"Organization\",\"@id\":\"https:\\\/\\\/elclubdelamodapositiva.com\\\/en\\\/#organization\",\"name\":\"El Club de la Moda Positiva\",\"url\":\"https:\\\/\\\/elclubdelamodapositiva.com\\\/en\\\/\",\"logo\":{\"@type\":\"ImageObject\",\"inLanguage\":\"en-US\",\"@id\":\"https:\\\/\\\/elclubdelamodapositiva.com\\\/en\\\/#\\\/schema\\\/logo\\\/image\\\/\",\"url\":\"https:\\\/\\\/elclubdelamodapositiva.com\\\/wp-content\\\/uploads\\\/2023\\\/06\\\/favicon.png\",\"contentUrl\":\"https:\\\/\\\/elclubdelamodapositiva.com\\\/wp-content\\\/uploads\\\/2023\\\/06\\\/favicon.png\",\"width\":500,\"height\":500,\"caption\":\"El Club de la Moda Positiva\"},\"image\":{\"@id\":\"https:\\\/\\\/elclubdelamodapositiva.com\\\/en\\\/#\\\/schema\\\/logo\\\/image\\\/\"},\"sameAs\":[\"https:\\\/\\\/www.facebook.com\\\/elclubdelamodapositiva\",\"https:\\\/\\\/www.instagram.com\\\/elclubdelamodapositiva\\\/\",\"https:\\\/\\\/www.linkedin.com\\\/company\\\/el-club-de-la-moda-positiva\\\/\",\"https:\\\/\\\/www.youtube.com\\\/@elclubdelamodapositiva7328\"]}]}<\/script>\n<!-- \/ Yoast SEO plugin. -->","yoast_head_json":{"title":"Cart - El Club de la Moda Positiva","robots":{"index":"noindex","follow":"nofollow"},"og_locale":"en_US","og_type":"article","og_title":"Cart - El Club de la Moda Positiva","og_description":"Eliminar art\u00edculo Imagen en miniatura Producto Precio Cantidad Subtotal &times; GUIA PARA LIMPIAR TU ARMARIO 2,90&nbsp;&euro; GUIA PARA LIMPIAR TU ARMARIO cantidad 2,90&nbsp;&euro; Actualizar el carrito Aplicar el cup\u00f3n Totales del carrito Subtotal 2,90&nbsp;&euro; Cup\u00f3n: wabitest2023 -1,90&nbsp;&euro; [Eliminar] Env\u00edo Punto de recogida Mondial Relay: 3,90&nbsp;&euro; Punto de recogida m\u00e1s cercano Mensajer\u00eda puerta a puerta: 5,90&nbsp;&euro; [&hellip;]","og_url":"https:\/\/elclubdelamodapositiva.com\/en\/cart\/","og_site_name":"El Club de la Moda Positiva","article_publisher":"https:\/\/www.facebook.com\/elclubdelamodapositiva","article_modified_time":"2023-12-13T10:15:19+00:00","og_image":[{"url":"https:\/\/elclubdelamodapositiva.com\/wp-content\/uploads\/2023\/08\/guia-armario-la-moda-300x300.jpg","type":"","width":"","height":""}],"twitter_card":"summary_large_image","twitter_misc":{"Est. reading time":"1 minute"},"schema":{"@context":"https:\/\/schema.org","@graph":[{"@type":"WebPage","@id":"https:\/\/elclubdelamodapositiva.com\/en\/cart\/","url":"https:\/\/elclubdelamodapositiva.com\/en\/cart\/","name":"Cart - El Club de la Moda Positiva","isPartOf":{"@id":"https:\/\/elclubdelamodapositiva.com\/en\/#website"},"primaryImageOfPage":{"@id":"https:\/\/elclubdelamodapositiva.com\/en\/cart\/#primaryimage"},"image":{"@id":"https:\/\/elclubdelamodapositiva.com\/en\/cart\/#primaryimage"},"thumbnailUrl":"https:\/\/elclubdelamodapositiva.com\/wp-content\/uploads\/2023\/08\/guia-armario-la-moda-300x300.jpg","datePublished":"2023-07-06T06:20:21+00:00","dateModified":"2023-12-13T10:15:19+00:00","breadcrumb":{"@id":"https:\/\/elclubdelamodapositiva.com\/en\/cart\/#breadcrumb"},"inLanguage":"en-US","potentialAction":[{"@type":"ReadAction","target":["https:\/\/elclubdelamodapositiva.com\/en\/cart\/"]}]},{"@type":"ImageObject","inLanguage":"en-US","@id":"https:\/\/elclubdelamodapositiva.com\/en\/cart\/#primaryimage","url":"https:\/\/elclubdelamodapositiva.com\/wp-content\/uploads\/2023\/08\/guia-armario-la-moda-300x300.jpg","contentUrl":"https:\/\/elclubdelamodapositiva.com\/wp-content\/uploads\/2023\/08\/guia-armario-la-moda-300x300.jpg"},{"@type":"BreadcrumbList","@id":"https:\/\/elclubdelamodapositiva.com\/en\/cart\/#breadcrumb","itemListElement":[{"@type":"ListItem","position":1,"name":"Portada","item":"https:\/\/elclubdelamodapositiva.com\/en\/home\/"},{"@type":"ListItem","position":2,"name":"Cart"}]},{"@type":"WebSite","@id":"https:\/\/elclubdelamodapositiva.com\/en\/#website","url":"https:\/\/elclubdelamodapositiva.com\/en\/","name":"El Club de la Moda Positiva","description":"","publisher":{"@id":"https:\/\/elclubdelamodapositiva.com\/en\/#organization"},"potentialAction":[{"@type":"SearchAction","target":{"@type":"EntryPoint","urlTemplate":"https:\/\/elclubdelamodapositiva.com\/en\/?s={search_term_string}"},"query-input":{"@type":"PropertyValueSpecification","valueRequired":true,"valueName":"search_term_string"}}],"inLanguage":"en-US"},{"@type":"Organization","@id":"https:\/\/elclubdelamodapositiva.com\/en\/#organization","name":"El Club de la Moda Positiva","url":"https:\/\/elclubdelamodapositiva.com\/en\/","logo":{"@type":"ImageObject","inLanguage":"en-US","@id":"https:\/\/elclubdelamodapositiva.com\/en\/#\/schema\/logo\/image\/","url":"https:\/\/elclubdelamodapositiva.com\/wp-content\/uploads\/2023\/06\/favicon.png","contentUrl":"https:\/\/elclubdelamodapositiva.com\/wp-content\/uploads\/2023\/06\/favicon.png","width":500,"height":500,"caption":"El Club de la Moda Positiva"},"image":{"@id":"https:\/\/elclubdelamodapositiva.com\/en\/#\/schema\/logo\/image\/"},"sameAs":["https:\/\/www.facebook.com\/elclubdelamodapositiva","https:\/\/www.instagram.com\/elclubdelamodapositiva\/","https:\/\/www.linkedin.com\/company\/el-club-de-la-moda-positiva\/","https:\/\/www.youtube.com\/@elclubdelamodapositiva7328"]}]}},"_links":{"self":[{"href":"https:\/\/elclubdelamodapositiva.com\/en\/wp-json\/wp\/v2\/pages\/3137","targetHints":{"allow":["GET"]}}],"collection":[{"href":"https:\/\/elclubdelamodapositiva.com\/en\/wp-json\/wp\/v2\/pages"}],"about":[{"href":"https:\/\/elclubdelamodapositiva.com\/en\/wp-json\/wp\/v2\/types\/page"}],"author":[{"embeddable":true,"href":"https:\/\/elclubdelamodapositiva.com\/en\/wp-json\/wp\/v2\/users\/1"}],"replies":[{"embeddable":true,"href":"https:\/\/elclubdelamodapositiva.com\/en\/wp-json\/wp\/v2\/comments?post=3137"}],"version-history":[{"count":0,"href":"https:\/\/elclubdelamodapositiva.com\/en\/wp-json\/wp\/v2\/pages\/3137\/revisions"}],"wp:attachment":[{"href":"https:\/\/elclubdelamodapositiva.com\/en\/wp-json\/wp\/v2\/media?parent=3137"}],"curies":[{"name":"wp","href":"https:\/\/api.w.org\/{rel}","templated":true}]}}