{"id":3139,"date":"2023-07-06T06:20:21","date_gmt":"2023-07-06T06:20:21","guid":{"rendered":"https:\/\/elclubdelamodapositiva.com\/my-account\/"},"modified":"2023-12-13T10:15:20","modified_gmt":"2023-12-13T10:15:20","slug":"my-account","status":"publish","type":"page","link":"https:\/\/elclubdelamodapositiva.com\/en\/my-account\/","title":{"rendered":"My Account"},"content":{"rendered":"\t\t<div data-elementor-type=\"wp-page\" data-elementor-id=\"3139\" class=\"elementor elementor-3139 elementor-887\" data-elementor-post-type=\"page\">\n\t\t\t\t\t\t<section class=\"elementor-section elementor-top-section elementor-element elementor-element-8efa82a elementor-section-boxed elementor-section-height-default elementor-section-height-default\" data-id=\"8efa82a\" data-element_type=\"section\">\n\t\t\t\t\t\t<div class=\"elementor-container elementor-column-gap-default\">\n\t\t\t\t\t<div class=\"elementor-column elementor-col-100 elementor-top-column elementor-element elementor-element-a509a56\" data-id=\"a509a56\" data-element_type=\"column\">\n\t\t\t<div class=\"elementor-widget-wrap elementor-element-populated\">\n\t\t\t\t\t\t<div class=\"elementor-element elementor-element-5b98478 e-my-account-tabs-vertical elementor-widget elementor-widget-woocommerce-my-account\" data-id=\"5b98478\" data-element_type=\"widget\" data-widget_type=\"woocommerce-my-account.default\">\n\t\t\t\t<div class=\"elementor-widget-container\">\n\t\t\t<link rel=\"stylesheet\" href=\"https:\/\/elclubdelamodapositiva.com\/wp-content\/plugins\/elementor-pro\/assets\/css\/widget-woocommerce.min.css?ver=1723612035\"><div class=\"e-my-account-tab e-my-account-tab__ \">\t\t\t<div class=\"woocommerce\"><\/div>\t\t<\/div>\n\t\t\t\t<\/div>\n\t\t\t\t<\/div>\n\t\t\t\t\t<\/div>\n\t\t<\/div>\n\t\t\t\t\t<\/div>\n\t\t<\/section>\n\t\t\t\t<\/div>\n\t\t","protected":false},"excerpt":{"rendered":"<p>Escritorio Pedidos Descargas Direcciones M\u00e9todos de pago Detalles de la cuenta Cerrar sesi\u00f3n Hola Wabi (\u00bfno eres Wabi? Cerrar sesi\u00f3n) Desde el escritorio de tu cuenta puedes ver tus pedidos recientes, gestionar tus direcciones de env\u00edo y facturaci\u00f3n y editar tu contrase\u00f1a y los detalles de tu cuenta.<\/p>\n","protected":false},"author":1,"featured_media":0,"parent":0,"menu_order":0,"comment_status":"closed","ping_status":"closed","template":"","meta":{"footnotes":""},"class_list":["post-3139","page","type-page","status-publish","hentry"],"yoast_head":"<!-- This site is optimized with the Yoast SEO plugin v27.4 - https:\/\/yoast.com\/product\/yoast-seo-wordpress\/ -->\n<title>My Account - El Club de la Moda Positiva<\/title>\n<meta name=\"robots\" content=\"noindex, nofollow\" \/>\n<meta property=\"og:locale\" content=\"en_US\" \/>\n<meta property=\"og:type\" content=\"article\" \/>\n<meta property=\"og:title\" content=\"My Account - El Club de la Moda Positiva\" \/>\n<meta property=\"og:description\" content=\"Escritorio Pedidos Descargas Direcciones M\u00e9todos de pago Detalles de la cuenta Cerrar sesi\u00f3n Hola Wabi (\u00bfno eres Wabi? Cerrar sesi\u00f3n) Desde el escritorio de tu cuenta puedes ver tus pedidos recientes, gestionar tus direcciones de env\u00edo y facturaci\u00f3n y editar tu contrase\u00f1a y los detalles de tu cuenta.\" \/>\n<meta property=\"og:url\" content=\"https:\/\/elclubdelamodapositiva.com\/en\/my-account\/\" \/>\n<meta property=\"og:site_name\" content=\"El Club de la Moda Positiva\" \/>\n<meta property=\"article:publisher\" content=\"https:\/\/www.facebook.com\/elclubdelamodapositiva\" \/>\n<meta property=\"article:modified_time\" content=\"2023-12-13T10:15:20+00:00\" \/>\n<meta name=\"twitter:card\" content=\"summary_large_image\" \/>\n<script type=\"application\/ld+json\" class=\"yoast-schema-graph\">{\"@context\":\"https:\\\/\\\/schema.org\",\"@graph\":[{\"@type\":\"WebPage\",\"@id\":\"https:\\\/\\\/elclubdelamodapositiva.com\\\/en\\\/my-account\\\/\",\"url\":\"https:\\\/\\\/elclubdelamodapositiva.com\\\/en\\\/my-account\\\/\",\"name\":\"My Account - El Club de la Moda Positiva\",\"isPartOf\":{\"@id\":\"https:\\\/\\\/elclubdelamodapositiva.com\\\/en\\\/#website\"},\"datePublished\":\"2023-07-06T06:20:21+00:00\",\"dateModified\":\"2023-12-13T10:15:20+00:00\",\"breadcrumb\":{\"@id\":\"https:\\\/\\\/elclubdelamodapositiva.com\\\/en\\\/my-account\\\/#breadcrumb\"},\"inLanguage\":\"en-US\",\"potentialAction\":[{\"@type\":\"ReadAction\",\"target\":[\"https:\\\/\\\/elclubdelamodapositiva.com\\\/en\\\/my-account\\\/\"]}]},{\"@type\":\"BreadcrumbList\",\"@id\":\"https:\\\/\\\/elclubdelamodapositiva.com\\\/en\\\/my-account\\\/#breadcrumb\",\"itemListElement\":[{\"@type\":\"ListItem\",\"position\":1,\"name\":\"Portada\",\"item\":\"https:\\\/\\\/elclubdelamodapositiva.com\\\/en\\\/home\\\/\"},{\"@type\":\"ListItem\",\"position\":2,\"name\":\"My Account\"}]},{\"@type\":\"WebSite\",\"@id\":\"https:\\\/\\\/elclubdelamodapositiva.com\\\/en\\\/#website\",\"url\":\"https:\\\/\\\/elclubdelamodapositiva.com\\\/en\\\/\",\"name\":\"El Club de la Moda Positiva\",\"description\":\"\",\"publisher\":{\"@id\":\"https:\\\/\\\/elclubdelamodapositiva.com\\\/en\\\/#organization\"},\"potentialAction\":[{\"@type\":\"SearchAction\",\"target\":{\"@type\":\"EntryPoint\",\"urlTemplate\":\"https:\\\/\\\/elclubdelamodapositiva.com\\\/en\\\/?s={search_term_string}\"},\"query-input\":{\"@type\":\"PropertyValueSpecification\",\"valueRequired\":true,\"valueName\":\"search_term_string\"}}],\"inLanguage\":\"en-US\"},{\"@type\":\"Organization\",\"@id\":\"https:\\\/\\\/elclubdelamodapositiva.com\\\/en\\\/#organization\",\"name\":\"El Club de la Moda Positiva\",\"url\":\"https:\\\/\\\/elclubdelamodapositiva.com\\\/en\\\/\",\"logo\":{\"@type\":\"ImageObject\",\"inLanguage\":\"en-US\",\"@id\":\"https:\\\/\\\/elclubdelamodapositiva.com\\\/en\\\/#\\\/schema\\\/logo\\\/image\\\/\",\"url\":\"https:\\\/\\\/elclubdelamodapositiva.com\\\/wp-content\\\/uploads\\\/2023\\\/06\\\/favicon.png\",\"contentUrl\":\"https:\\\/\\\/elclubdelamodapositiva.com\\\/wp-content\\\/uploads\\\/2023\\\/06\\\/favicon.png\",\"width\":500,\"height\":500,\"caption\":\"El Club de la Moda Positiva\"},\"image\":{\"@id\":\"https:\\\/\\\/elclubdelamodapositiva.com\\\/en\\\/#\\\/schema\\\/logo\\\/image\\\/\"},\"sameAs\":[\"https:\\\/\\\/www.facebook.com\\\/elclubdelamodapositiva\",\"https:\\\/\\\/www.instagram.com\\\/elclubdelamodapositiva\\\/\",\"https:\\\/\\\/www.linkedin.com\\\/company\\\/el-club-de-la-moda-positiva\\\/\",\"https:\\\/\\\/www.youtube.com\\\/@elclubdelamodapositiva7328\"]}]}<\/script>\n<!-- \/ Yoast SEO plugin. -->","yoast_head_json":{"title":"My Account - El Club de la Moda Positiva","robots":{"index":"noindex","follow":"nofollow"},"og_locale":"en_US","og_type":"article","og_title":"My Account - El Club de la Moda Positiva","og_description":"Escritorio Pedidos Descargas Direcciones M\u00e9todos de pago Detalles de la cuenta Cerrar sesi\u00f3n Hola Wabi (\u00bfno eres Wabi? Cerrar sesi\u00f3n) Desde el escritorio de tu cuenta puedes ver tus pedidos recientes, gestionar tus direcciones de env\u00edo y facturaci\u00f3n y editar tu contrase\u00f1a y los detalles de tu cuenta.","og_url":"https:\/\/elclubdelamodapositiva.com\/en\/my-account\/","og_site_name":"El Club de la Moda Positiva","article_publisher":"https:\/\/www.facebook.com\/elclubdelamodapositiva","article_modified_time":"2023-12-13T10:15:20+00:00","twitter_card":"summary_large_image","schema":{"@context":"https:\/\/schema.org","@graph":[{"@type":"WebPage","@id":"https:\/\/elclubdelamodapositiva.com\/en\/my-account\/","url":"https:\/\/elclubdelamodapositiva.com\/en\/my-account\/","name":"My Account - El Club de la Moda Positiva","isPartOf":{"@id":"https:\/\/elclubdelamodapositiva.com\/en\/#website"},"datePublished":"2023-07-06T06:20:21+00:00","dateModified":"2023-12-13T10:15:20+00:00","breadcrumb":{"@id":"https:\/\/elclubdelamodapositiva.com\/en\/my-account\/#breadcrumb"},"inLanguage":"en-US","potentialAction":[{"@type":"ReadAction","target":["https:\/\/elclubdelamodapositiva.com\/en\/my-account\/"]}]},{"@type":"BreadcrumbList","@id":"https:\/\/elclubdelamodapositiva.com\/en\/my-account\/#breadcrumb","itemListElement":[{"@type":"ListItem","position":1,"name":"Portada","item":"https:\/\/elclubdelamodapositiva.com\/en\/home\/"},{"@type":"ListItem","position":2,"name":"My Account"}]},{"@type":"WebSite","@id":"https:\/\/elclubdelamodapositiva.com\/en\/#website","url":"https:\/\/elclubdelamodapositiva.com\/en\/","name":"El Club de la Moda Positiva","description":"","publisher":{"@id":"https:\/\/elclubdelamodapositiva.com\/en\/#organization"},"potentialAction":[{"@type":"SearchAction","target":{"@type":"EntryPoint","urlTemplate":"https:\/\/elclubdelamodapositiva.com\/en\/?s={search_term_string}"},"query-input":{"@type":"PropertyValueSpecification","valueRequired":true,"valueName":"search_term_string"}}],"inLanguage":"en-US"},{"@type":"Organization","@id":"https:\/\/elclubdelamodapositiva.com\/en\/#organization","name":"El Club de la Moda Positiva","url":"https:\/\/elclubdelamodapositiva.com\/en\/","logo":{"@type":"ImageObject","inLanguage":"en-US","@id":"https:\/\/elclubdelamodapositiva.com\/en\/#\/schema\/logo\/image\/","url":"https:\/\/elclubdelamodapositiva.com\/wp-content\/uploads\/2023\/06\/favicon.png","contentUrl":"https:\/\/elclubdelamodapositiva.com\/wp-content\/uploads\/2023\/06\/favicon.png","width":500,"height":500,"caption":"El Club de la Moda Positiva"},"image":{"@id":"https:\/\/elclubdelamodapositiva.com\/en\/#\/schema\/logo\/image\/"},"sameAs":["https:\/\/www.facebook.com\/elclubdelamodapositiva","https:\/\/www.instagram.com\/elclubdelamodapositiva\/","https:\/\/www.linkedin.com\/company\/el-club-de-la-moda-positiva\/","https:\/\/www.youtube.com\/@elclubdelamodapositiva7328"]}]}},"_links":{"self":[{"href":"https:\/\/elclubdelamodapositiva.com\/en\/wp-json\/wp\/v2\/pages\/3139","targetHints":{"allow":["GET"]}}],"collection":[{"href":"https:\/\/elclubdelamodapositiva.com\/en\/wp-json\/wp\/v2\/pages"}],"about":[{"href":"https:\/\/elclubdelamodapositiva.com\/en\/wp-json\/wp\/v2\/types\/page"}],"author":[{"embeddable":true,"href":"https:\/\/elclubdelamodapositiva.com\/en\/wp-json\/wp\/v2\/users\/1"}],"replies":[{"embeddable":true,"href":"https:\/\/elclubdelamodapositiva.com\/en\/wp-json\/wp\/v2\/comments?post=3139"}],"version-history":[{"count":0,"href":"https:\/\/elclubdelamodapositiva.com\/en\/wp-json\/wp\/v2\/pages\/3139\/revisions"}],"wp:attachment":[{"href":"https:\/\/elclubdelamodapositiva.com\/en\/wp-json\/wp\/v2\/media?parent=3139"}],"curies":[{"name":"wp","href":"https:\/\/api.w.org\/{rel}","templated":true}]}}